{"id":441,"date":"2014-10-22T21:34:44","date_gmt":"2014-10-22T19:34:44","guid":{"rendered":"http:\/\/simbasas.de\/wp\/?page_id=441"},"modified":"2025-06-27T14:52:10","modified_gmt":"2025-06-27T12:52:10","slug":"testhome","status":"publish","type":"page","link":"http:\/\/simbasas.de\/wp\/","title":{"rendered":"Home"},"content":{"rendered":"<p><strong>Herzlich Willkommen<\/strong><\/p>\n<p class=\"text\">bei den amerikanischen Wirbelwinden!<\/p>\n<p>Wir m\u00f6chten Ihnen einen kleinen Einblick in unsere Welt geben und stellen Ihnen in Wort und Bild unsere Maine Coon Familie vor.<\/p>\n<p class=\"red\"><span class=\"text\"><span class=\"bold\"><span class=\"boldtext\">Neuigkeiten:<\/span><\/span><\/span><\/p>\n<table width=\"100%\" cellspacing=\"0\" cellpadding=\"6\">\n<tbody>\n<tr bgcolor=\"#e3e0d7\">\n<td width=\"3%\"><img loading=\"lazy\" decoding=\"async\" class=\"pfote\" src=\"http:\/\/simbasas.de\/simbasas\/layout\/rosa.jpg\" alt=\"\" width=\"15\" height=\"15\" \/><\/td>\n<td width=\"8%\">27.06.2025<\/td>\n<td bgcolor=\"#e3e0d7\" width=\"88%\">Nun sitzen noch 2 s\u00fc\u00dfe Babys auf gepackten Koffern und warten auf ein wundersch\u00f6nes zu Hause \ud83d\ude42<\/td>\n<\/tr>\n<\/tbody>\n<\/table>\n<table width=\"100%\" cellspacing=\"0\" cellpadding=\"6\">\n<tbody>\n<tr bgcolor=\"#faf4f0\">\n<td width=\"3%\"><img loading=\"lazy\" decoding=\"async\" class=\"pfote\" src=\"http:\/\/simbasas.de\/simbasas\/layout\/rosa.jpg\" alt=\"\" width=\"15\" height=\"15\" \/><\/td>\n<td width=\"8%\"><span style=\"background-color: #f1f2f4;\">06.06.2025<\/span><\/td>\n<td width=\"88%\"><span style=\"background-color: #f1f2f4;\">Vier unserer s\u00fc\u00dfen Babys suchen noch das perfekte zu Hause.<\/span><br \/>\n<span style=\"background-color: #f1f2f4;\">Sie sind Zuckers\u00fc\u00df und total verschmust \ud83d\ude42<\/span><br \/>\n<span style=\"background-color: #f1f2f4;\">\u00a0<\/span><\/td>\n<\/tr>\n<\/tbody>\n<\/table>\n<table width=\"100%\" cellspacing=\"0\" cellpadding=\"6\">\n<tbody>\n<tr bgcolor=\"#e3e0d7\">\n<td width=\"3%\"><img loading=\"lazy\" decoding=\"async\" class=\"pfote\" src=\"http:\/\/simbasas.de\/simbasas\/layout\/rosa.jpg\" alt=\"\" width=\"15\" height=\"15\" \/><\/td>\n<td style=\"text-align: left;\" width=\"8%\"><span style=\"background-color: #f1f2f4;\">31.05.2025<\/span><\/td>\n<td bgcolor=\"#e3e0d7\" width=\"88%\"><span style=\"background-color: #f1f2f4;\">Es gibt neue Fotos von unseren s\u00fc\u00dfen Babys \ud83d\ude42 .<\/span><br \/>\n<span style=\"background-color: #f1f2f4;\">Einge Babys suchen noch ein sch\u00f6nes zu Hause !<\/span><\/td>\n<\/tr>\n<\/tbody>\n<\/table>\n<table style=\"height: 15px;\" width=\"1374\" cellspacing=\"0\" cellpadding=\"6\">\n<tbody>\n<tr bgcolor=\"#faf4f0\">\n<td width=\"3%\"><img loading=\"lazy\" decoding=\"async\" class=\"pfote\" src=\"http:\/\/simbasas.de\/simbasas\/layout\/rosa.jpg\" alt=\"\" width=\"15\" height=\"15\" \/><\/td>\n<td width=\"8%\"><span style=\"background-color: #f1f2f4;\">27.12.2024<\/span><\/td>\n<td width=\"88%\"><span style=\"background-color: #f1f2f4;\">Fotoshooting im Schnee und 3 unserer <\/span><span style=\"background-color: #f1f2f4;\">Katzen waren dabei \ud83d\ude42<\/span><br style=\"background-color: #ffffff;\" \/><span style=\"background-color: #f1f2f4;\">Und Sandra macht\u00a0 immer noch sch\u00f6ne Fotos !!!!<\/span><br style=\"background-color: #ffffff;\" \/><span style=\"background-color: #f1f2f4;\">Danke Sandra\u00a0&#8230;\u00a0\u00a0<\/span><span style=\"color: #0066cc;\"><u>http:\/\/www.sandra-schuermans.de<\/u><\/span><\/td>\n<\/tr>\n<\/tbody>\n<\/table>\n","protected":false},"excerpt":{"rendered":"<p>Herzlich Willkommen bei den amerikanischen Wirbelwinden! Wir m\u00f6chten Ihnen einen kleinen Einblick in unsere Welt geben und stellen Ihnen in Wort und Bild unsere Maine Coon Familie vor. Neuigkeiten: 27.06.2025 Nun sitzen noch 2 s\u00fc\u00dfe Babys auf gepackten Koffern und warten auf ein wundersch\u00f6nes zu Hause \ud83d\ude42 06.06.2025 Vier unserer s\u00fc\u00dfen Babys suchen noch das [&hellip;]<\/p>\n","protected":false},"author":1,"featured_media":0,"parent":0,"menu_order":0,"comment_status":"open","ping_status":"open","template":"","meta":{"footnotes":""},"class_list":["post-441","page","type-page","status-publish","hentry"],"_links":{"self":[{"href":"http:\/\/simbasas.de\/wp\/index.php?rest_route=\/wp\/v2\/pages\/441","targetHints":{"allow":["GET"]}}],"collection":[{"href":"http:\/\/simbasas.de\/wp\/index.php?rest_route=\/wp\/v2\/pages"}],"about":[{"href":"http:\/\/simbasas.de\/wp\/index.php?rest_route=\/wp\/v2\/types\/page"}],"author":[{"embeddable":true,"href":"http:\/\/simbasas.de\/wp\/index.php?rest_route=\/wp\/v2\/users\/1"}],"replies":[{"embeddable":true,"href":"http:\/\/simbasas.de\/wp\/index.php?rest_route=%2Fwp%2Fv2%2Fcomments&post=441"}],"version-history":[{"count":181,"href":"http:\/\/simbasas.de\/wp\/index.php?rest_route=\/wp\/v2\/pages\/441\/revisions"}],"predecessor-version":[{"id":4587,"href":"http:\/\/simbasas.de\/wp\/index.php?rest_route=\/wp\/v2\/pages\/441\/revisions\/4587"}],"wp:attachment":[{"href":"http:\/\/simbasas.de\/wp\/index.php?rest_route=%2Fwp%2Fv2%2Fmedia&parent=441"}],"curies":[{"name":"wp","href":"https:\/\/api.w.org\/{rel}","templated":true}]}}