{"id":288,"date":"2014-06-18T09:06:56","date_gmt":"2014-06-18T07:06:56","guid":{"rendered":"http:\/\/simbasas.de\/wp\/?page_id=288"},"modified":"2014-10-22T20:46:43","modified_gmt":"2014-10-22T18:46:43","slug":"polys","status":"publish","type":"page","link":"http:\/\/simbasas.de\/wp\/?page_id=288","title":{"rendered":"Polys"},"content":{"rendered":"<p class=\"top\" style=\"text-align: justify;\"><span class=\"bold\"><a id=\"Seitenanfang\" name=\"Seitenanfang\"><\/a><strong>Polydaktylie<\/strong><\/span><\/p>\n<p class=\"rechtsbuendig\" style=\"text-align: right;\">\n<p class=\"text\" style=\"text-align: justify;\">1947 (nein, die ist kein Tippfehler!) Hat ein Forscher mit zwei (!) Poly-Katzen gez\u00fcchtet um herauszufinden, wie sich Polydaktilie vererbt. Er stellte fest, dass PD dominant ist und nicht mit letalen (t\u00f6dlichen) Faktoren zusammenh\u00e4ngt. Polykatzen sterben nicht fr\u00fcher, als andere, auch nicht, wenn zwei dominante Gene daf\u00fcr vorliegen. Dies Studie wurde 1974 in einem Buch zitiert. Aus der Tatsache, dass PD nicht t\u00f6dlich ist, wurde die Aussage, dass es nur semiletal(Mutation) ist. Dieses Buch wurde nun in letzter Vergangenheit wiederum erneut in einem sehr bekannten Werk (\u201dKrankheiten der Katze\u201d) nochmals zitiert. Der Ursprung dieser Aussage ist jetzt fast 60 Jahre alt. Dennoch wird beim Gutachten zum Qualzuchtparagraphen genau damit argumentiert. Was ich auch bemerkenswert finde, ist, dass es in Europa praktisch keine Poly Katzen gibt, w\u00e4hrend sie in Amerika in manchen Gegenden sehr h\u00e4ufig sind. In Europa sind diese Katzen n\u00e4mlich im Mittelalter komplett ausgerottet worden (sie waren n\u00e4mlich mit dem Teufel im Bunde ) Wenn die Polys \u201cderart missgebildet w\u00e4ren\u201c\u2026 so wie oft dargelegt, h\u00e4tte Mutter Natur sie l\u00e4ngst ausgerottet\u2026 aber nein, der \u201cliebe\u201d Mensch war es fr\u00fcher. Es gibt \u00fcbrigens eine Hunderasse\u2026 Lundehunde\u2026 die haben rassebedingt schon mehr Zehen.Fr\u00fcher besa\u00dfen 40% der urspr\u00fcnglich unregistrierten Maine Coons Polydaktilie. In amerikanischen Volkssagen wurde behauptet, dass diese Katzen wilde J\u00e4ger waren und ihre \u00fcbergro\u00dfen Pfoten dazu benutzten, lebende Fische aus den Fl\u00fcssen zu fangen. Im Original lautete damals der Vorschlag f\u00fcr den Zuchtstandard f\u00fcr MC-Pfoten folgenderma\u00dfen: \u201cSie k\u00f6nnen extra Zehen an jedem und allen Beinen haben\u201d. Die Beschreibung \u201can jedem und allen Beinen\u201d wurde sp\u00e4ter ge\u00e4ndert, zu lesen war nun \u201cf\u00fcnf Zehen vorn und vier hinten\u201d. Nach Meinung vieler Polyliebhaber wurde dies nicht wegen der Gesundheit der Polys getan; Sondern war ein wirtschaftlicher Entschluss. Es war teuer, mehrere Katzen in Shows zu zeigen, ohne den Nutzen eines Showstatus zu haben. Die Liebhaber akzeptierten und die Maine Coon Breeders und Fanciers Assosiation (MCBFA) stimmte daf\u00fcr, die schmaleren F\u00fc\u00dfe zu ber\u00fccksichtigen.<\/p>\n<p class=\"text\" style=\"text-align: justify;\">Die Poly-Klausel wurde aus dem Standard entfernt. Viele waren der Annahme, es geschah, weil es eine ernsthafte Deformierung w\u00e4re. F\u00fcr die n\u00e4chsten 30 Jahre war es ein ungeschriebenes Gesetz in der MCBFA, dass die Poly nicht existiert. Polys konnten f\u00fcr die Zucht genommen werden, aber alle Poly-Jungtiere w\u00e4ren als Liebhabertiere zu verkaufen. Polys k\u00f6nnen in den verschiedensten Katzen-Zuchtb\u00fcchern in den USA registriert werden. Dies schlie\u00dfen die Cat Fanciers Association (CFA), The International Cat Association (TICA), American Cat Fanciers Association. (ACFA) und Cat Fanciers Federation (CFF) nicht aus. Aber Tatsache ist, dass die Registrierung einer Maine Coon nicht darauf hinweist, ob sie Poly ist oder nicht.Es wird traditionell gemacht, aber keine Vorschrift, ein \u201cP\u201d an einer beliebigen Stelle im Namen einzuf\u00fcgen, um diese Katze als eine Poly zu kennzeichnen. Polys k\u00f6nnen keinen Champion-Status erringen, da zus\u00e4tzliche Zehen eine Abweichung vom Showstandard sind. Da das Gen f\u00fcr Polydaktilie ein dominantes Gen ist, ist es m\u00f6glich, es aus einer Linie herauszuz\u00fcchten. Genauso muss, damit Polys fallen, mindestens ein Elternteil eingesetzt werden, das Polydaktilie hat. Dieses dominante Gen wird nur zu 40% bis 50% weitergegeben. Viele Tier\u00e4rzte glauben nicht, dass Polydaktilie eine Deformation sei. Es ist als Anomalie zu betrachten, und eine Anomalie ist definiert als \u201cAbweichung von der Regel oder normalen Form\u201d (Funk &amp; Wagnalls Standard College Lexikon, 1973). Es ist unklar, warum diese harmlose Variante nicht f\u00fcr den Showstatus zugelassen wird, w\u00e4hrend andere Z\u00fcchtungen mit t\u00f6dlichen Charakteristika zugelassen werden. Nach \u201cThe Book of The Cat (Wright, Walters, 1980) vererben die Manx, die Scottish Fold und die Japanese Boptail genetische Defekte. Die Gene der Manx und der Japanese Boptail k\u00f6nnen Jungtiere produzieren, die Abnormit\u00e4ten in der unteren Region des R\u00fcckenmarks aufweisen. Jungtiere k\u00f6nnen lebend mit offenem R\u00fcckgrat als Kr\u00fcppel geboren werden. Katzen mit Ohren, gefaltet wie die einer Scottish Fold, k\u00f6nnen Abnormit\u00e4ten aufweisen wie Knorpelwachstum rund um die Pfoten, eine Einschr\u00e4nkung der Lauff\u00e4higkeit. Nach Cole (1966) haben vorteilhafte Gene oft einen Grad von Dominanz, unvorteilhafte Gene sind eher Rezessiv.<\/p>\n<p class=\"text\" style=\"text-align: justify;\">Man kann Polys in den selben Farben und Zeichnungen bekommen, wie jede Maine Coon. Zur Anschaffung einer Poly Maine Coon muss man sich zeitweise auf eine Warteliste setzen lassen. Es gibt weltweit nur eine begrenzte Zahl von Z\u00fcchtern. Zus\u00e4tzlich ist f\u00fcr die Poly etwas mehr zu bezahlen. Diese Poly Maine Coon wird genauso sein wie eine schmalf\u00fc\u00dfige, au\u00dfer der Anzahl von Zehen. Fr\u00fcher besa\u00dfen 40% der urspr\u00fcnglich unregistrierten Maine Coons PolydaktilieZitat:Das hei\u00dft aber nicht, dass die Zucht mit Poly-Tieren dadurch verboten ist, die Tiere k\u00f6nnen lediglich auf Ausstellungen nicht Champion werden. Trotzdem gibt es in den USA und auch in Europa einige wenige Z\u00fcchter, die bewusst \u201cPolycoons\u201d z\u00fcchten, weil sie finden, dass diese Eigenart der Maine Coons bewahrt werden muss. Quelle: http:\/\/www.mcpi.org\/n_polyresource.html Polydaktylie<\/p>\n<p>Polydaktylie.<\/p>\n<p class=\"text\" style=\"text-align: justify;\">Der Ursprung dieser Aussage ist jetzt fast 60 Jahre alt. Dennoch wird beim Gutachten zum Qualzuchtparagraphen genau damit argumentiert. Was ich auch bemerkenswert finde, ist, dass es in Europa praktisch keine Poly Katzen gibt, w\u00e4hrend sie in Amerika in manchen Gegenden sehr h\u00e4ufig sind. In Europa sind diese Katzen n\u00e4mlich im Mittelalter komplett ausgerottet worden (sie waren n\u00e4mlich mit dem Teufel im Bunde ) Wenn die Polys \u201cderart missgebildet w\u00e4ren\u201c\u2026 so wie oft dargelegt, h\u00e4tte Mutter Natur sie l\u00e4ngst ausgerottet\u2026 aber nein, der \u201cliebe\u201d Mensch war es fr\u00fcher. Es gibt \u00fcbrigens eine Hunderasse\u2026 Lundehunde\u2026 die haben rassebedingt schon mehr Zehen.<\/p>\n<p class=\"text\" style=\"text-align: justify;\">Fr\u00fcher besa\u00dfen 40% der urspr\u00fcnglich unregistrierten Maine Coons Polydaktilie. In amerikanischen Volkssagen wurde behauptet, dass diese Katzen wilde J\u00e4ger waren und ihre \u00fcbergro\u00dfen Pfoten dazu benutzten, lebende Fische aus den Fl\u00fcssen zu fangen. Im Original lautete damals der Vorschlag f\u00fcr den Zuchtstandard f\u00fcr MC-Pfoten folgenderma\u00dfen: \u201cSie k\u00f6nnen extra Zehen an jedem und allen Beinen haben\u201d. Die Beschreibung \u201can jedem und allen Beinen\u201d wurde sp\u00e4ter ge\u00e4ndert, zu lesen war nun \u201cf\u00fcnf Zehen vorn und vier hinten\u201d. Nach Meinung vieler Polyliebhaber wurde dies nicht wegen der Gesundheit der Polys getan; Sondern war ein wirtschaftlicher Entschluss. Es war teuer, mehrere Katzen in Shows zu zeigen, ohne den Nutzen eines Showstatus zu haben. Die Liebhaber akzeptierten und die Maine Coon Breeders und Fanciers Assosiation (MCBFA) stimmte daf\u00fcr, die schmaleren F\u00fc\u00dfe zu ber\u00fccksichtigen.<\/p>\n<p class=\"text\" style=\"text-align: justify;\">Die Poly-Klausel wurde aus dem Standard entfernt. Viele waren der Annahme, es geschah, weil es eine ernsthafte Deformierung w\u00e4re. F\u00fcr die n\u00e4chsten 30 Jahre war es ein ungeschriebenes Gesetz in der MCBFA, dass die Poly nicht existiert. Polys konnten f\u00fcr die Zucht genommen werden, aber alle Poly-Jungtiere w\u00e4ren als Liebhabertiere zu verkaufen. Polys k\u00f6nnen in den verschiedensten Katzen-Zuchtb\u00fcchern in den USA registriert werden. Dies schlie\u00dfen die Cat Fanciers Association (CFA), The International Cat Association (TICA), American Cat Fanciers Association. (ACFA) und Cat Fanciers Federation (CFF) nicht aus. Aber Tatsache ist, dass die Registrierung einer Maine Coon nicht darauf hinweist, ob sie Poly ist oder nicht.<\/p>\n<p class=\"text\" style=\"text-align: justify;\">Es wird traditionell gemacht, aber keine Vorschrift, ein \u201cP\u201d an einer beliebigen Stelle im Namen einzuf\u00fcgen, um diese Katze als eine Poly zu kennzeichnen. Polys k\u00f6nnen keinen Champion-Status erringen, da zus\u00e4tzliche Zehen eine Abweichung vom Showstandard sind. Da das Gen f\u00fcr Polydaktilie ein dominantes Gen ist, ist es m\u00f6glich, es aus einer Linie herauszuz\u00fcchten. Genauso muss, damit Polys fallen, mindestens ein Elternteil eingesetzt werden, das Polydaktilie hat. Dieses dominante Gen wird nur zu 40% bis 50% weitergegeben. Viele Tier\u00e4rzte glauben nicht, dass Polydaktilie eine Deformation sei. Es ist als Anomalie zu betrachten, und eine Anomalie ist definiert als \u201cAbweichung von der Regel oder normalen Form\u201d (Funk &amp; Wagnalls Standard College Lexikon, 1973). Es ist unklar, warum diese harmlose Variante nicht f\u00fcr den Showstatus zugelassen wird, w\u00e4hrend andere Z\u00fcchtungen mit t\u00f6dlichen Charakteristika zugelassen werden. Nach \u201cThe Book of The Cat (Wright, Walters, 1980) vererben die Manx, die Scottish Fold und die Japanese Boptail genetische Defekte. Die Gene der Manx und der Japanese Boptail k\u00f6nnen Jungtiere produzieren, die Abnormit\u00e4ten in der unteren Region des R\u00fcckenmarks aufweisen. Jungtiere k\u00f6nnen lebend mit offenem R\u00fcckgrat als Kr\u00fcppel geboren werden. Katzen mit Ohren, gefaltet wie die einer Scottish Fold, k\u00f6nnen Abnormit\u00e4ten aufweisen wie Knorpelwachstum rund um die Pfoten, eine Einschr\u00e4nkung der Lauff\u00e4higkeit. Nach Cole (1966) haben vorteilhafte Gene oft einen Grad von Dominanz, unvorteilhafte Gene sind eher Rezessiv.<\/p>\n<p class=\"text\" style=\"text-align: justify;\">Man kann Polys in den selben Farben und Zeichnungen bekommen, wie jede Maine Coon. Zur Anschaffung einer Poly Maine Coon muss man sich zeitweise auf eine Warteliste setzen lassen. Es gibt weltweit nur eine begrenzte Zahl von Z\u00fcchtern. Zus\u00e4tzlich ist f\u00fcr die Poly etwas mehr zu bezahlen. Diese Poly Maine Coon wird genauso sein wie eine schmalf\u00fc\u00dfige, au\u00dfer der Anzahl von Zehen. Fr\u00fcher besa\u00dfen 40% der urspr\u00fcnglich unregistrierten Maine Coons Polydaktilie<\/p>\n<p class=\"text\" style=\"text-align: justify;\">Zitat:<\/p>\n<p class=\"text\" style=\"text-align: justify;\">Das hei\u00dft aber nicht, dass die Zucht mit Poly-Tieren dadurch verboten ist, die Tiere k\u00f6nnen lediglich auf Ausstellungen nicht Champion werden. Trotzdem gibt es in den USA und auch in Europa einige wenige Z\u00fcchter, die bewusst \u201cPolycoons\u201d z\u00fcchten, weil sie finden, dass diese Eigenart der Maine Coons bewahrt werden muss.<\/p>\n<p class=\"text\" style=\"text-align: justify;\">Quelle: http:\/\/www.mcpi.org\/n_polyresource.html<\/p>\n<p class=\"rechtsbuendig\" style=\"text-align: right;\"><a href=\"#Seitenanfang\">zum Seitenanfang<\/a><\/p>\n","protected":false},"excerpt":{"rendered":"<p>Polydaktylie 1947 (nein, die ist kein Tippfehler!) Hat ein Forscher mit zwei (!) Poly-Katzen gez\u00fcchtet um herauszufinden, wie sich Polydaktilie vererbt. Er stellte fest, dass PD dominant ist und nicht mit letalen (t\u00f6dlichen) Faktoren zusammenh\u00e4ngt. Polykatzen sterben nicht fr\u00fcher, als andere, auch nicht, wenn zwei dominante Gene daf\u00fcr vorliegen. Dies Studie wurde 1974 in einem [&hellip;]<\/p>\n","protected":false},"author":1,"featured_media":0,"parent":276,"menu_order":0,"comment_status":"open","ping_status":"open","template":"","meta":{"footnotes":""},"class_list":["post-288","page","type-page","status-publish","hentry"],"_links":{"self":[{"href":"http:\/\/simbasas.de\/wp\/index.php?rest_route=\/wp\/v2\/pages\/288","targetHints":{"allow":["GET"]}}],"collection":[{"href":"http:\/\/simbasas.de\/wp\/index.php?rest_route=\/wp\/v2\/pages"}],"about":[{"href":"http:\/\/simbasas.de\/wp\/index.php?rest_route=\/wp\/v2\/types\/page"}],"author":[{"embeddable":true,"href":"http:\/\/simbasas.de\/wp\/index.php?rest_route=\/wp\/v2\/users\/1"}],"replies":[{"embeddable":true,"href":"http:\/\/simbasas.de\/wp\/index.php?rest_route=%2Fwp%2Fv2%2Fcomments&post=288"}],"version-history":[{"count":5,"href":"http:\/\/simbasas.de\/wp\/index.php?rest_route=\/wp\/v2\/pages\/288\/revisions"}],"predecessor-version":[{"id":397,"href":"http:\/\/simbasas.de\/wp\/index.php?rest_route=\/wp\/v2\/pages\/288\/revisions\/397"}],"up":[{"embeddable":true,"href":"http:\/\/simbasas.de\/wp\/index.php?rest_route=\/wp\/v2\/pages\/276"}],"wp:attachment":[{"href":"http:\/\/simbasas.de\/wp\/index.php?rest_route=%2Fwp%2Fv2%2Fmedia&parent=288"}],"curies":[{"name":"wp","href":"https:\/\/api.w.org\/{rel}","templated":true}]}}