{"id":282,"date":"2014-06-18T09:06:33","date_gmt":"2014-06-18T07:06:33","guid":{"rendered":"http:\/\/simbasas.de\/wp\/?page_id=282"},"modified":"2014-10-25T13:19:54","modified_gmt":"2014-10-25T11:19:54","slug":"ueber-uns","status":"publish","type":"page","link":"http:\/\/simbasas.de\/wp\/?page_id=282","title":{"rendered":"\u00dcber uns"},"content":{"rendered":"<p class=\"top\"><strong>Nun zu uns!<\/strong><\/p>\n<p class=\"rechtsbuendig\" style=\"text-align: right;\">\n<p class=\"text\">Wir sind eine sehr lebendige Familie bestehend aus Kindern, Hunden und nat\u00fcrlichen kleiner und gro\u00dfer Wirbelwinde. Wir wohnen im sch\u00f6nen Norden von Berlin in einem Einfamilienhaus. Es gibt kaum etwas, was was unsere Coonies nicht d\u00fcrfen, denn auf ca. 200 qm haben sie viel Platz zum toben.<\/p>\n<p class=\"text\">Wir versuchen unseren Katzen nur das Beste zu bieten und haben deshalb u.a. ein Au\u00dfengehege erbaut, welches in k\u00fcrzester Zeit mit Wonne erobert wurde. Alle unsere Tiere genie\u00dfen den vollen Familienanschluss und sorgen f\u00fcr jede Menge leben und frischen Wind\u2026<\/p>\n<p class=\"text\">Wenn auch Sie uns und unsere Coonies kennen lernen m\u00f6chten, dann nehmen Sie einfach <a title=\"Kontakt\" href=\"http:\/\/simbasas.de\/wp\/?page_id=280\" target=\"_blank\">Kontakt<\/a> zu uns auf.<\/p>\n<p>&nbsp;<\/p>\n","protected":false},"excerpt":{"rendered":"<p>Nun zu uns! Wir sind eine sehr lebendige Familie bestehend aus Kindern, Hunden und nat\u00fcrlichen kleiner und gro\u00dfer Wirbelwinde. Wir wohnen im sch\u00f6nen Norden von Berlin in einem Einfamilienhaus. Es gibt kaum etwas, was was unsere Coonies nicht d\u00fcrfen, denn auf ca. 200 qm haben sie viel Platz zum toben. Wir versuchen unseren Katzen nur [&hellip;]<\/p>\n","protected":false},"author":1,"featured_media":0,"parent":276,"menu_order":0,"comment_status":"open","ping_status":"open","template":"","meta":{"footnotes":""},"class_list":["post-282","page","type-page","status-publish","hentry"],"_links":{"self":[{"href":"http:\/\/simbasas.de\/wp\/index.php?rest_route=\/wp\/v2\/pages\/282","targetHints":{"allow":["GET"]}}],"collection":[{"href":"http:\/\/simbasas.de\/wp\/index.php?rest_route=\/wp\/v2\/pages"}],"about":[{"href":"http:\/\/simbasas.de\/wp\/index.php?rest_route=\/wp\/v2\/types\/page"}],"author":[{"embeddable":true,"href":"http:\/\/simbasas.de\/wp\/index.php?rest_route=\/wp\/v2\/users\/1"}],"replies":[{"embeddable":true,"href":"http:\/\/simbasas.de\/wp\/index.php?rest_route=%2Fwp%2Fv2%2Fcomments&post=282"}],"version-history":[{"count":4,"href":"http:\/\/simbasas.de\/wp\/index.php?rest_route=\/wp\/v2\/pages\/282\/revisions"}],"predecessor-version":[{"id":571,"href":"http:\/\/simbasas.de\/wp\/index.php?rest_route=\/wp\/v2\/pages\/282\/revisions\/571"}],"up":[{"embeddable":true,"href":"http:\/\/simbasas.de\/wp\/index.php?rest_route=\/wp\/v2\/pages\/276"}],"wp:attachment":[{"href":"http:\/\/simbasas.de\/wp\/index.php?rest_route=%2Fwp%2Fv2%2Fmedia&parent=282"}],"curies":[{"name":"wp","href":"https:\/\/api.w.org\/{rel}","templated":true}]}}