{"id":270,"date":"2014-06-18T09:05:04","date_gmt":"2014-06-18T07:05:04","guid":{"rendered":"http:\/\/simbasas.de\/wp\/?page_id=270"},"modified":"2016-09-09T17:24:37","modified_gmt":"2016-09-09T15:24:37","slug":"kitten","status":"publish","type":"page","link":"http:\/\/simbasas.de\/wp\/?page_id=270","title":{"rendered":"Babys"},"content":{"rendered":"<p style=\"text-align: justify;\"><span class=\"bold\">\u00a0<a id=\"Seitenanfang\" name=\"Seitenanfang\"><\/a><strong>Katzenkinder<\/strong><\/span><\/p>\n<p>&nbsp;<\/p>\n<p>&nbsp;<\/p>\n<p>&nbsp;<\/p>\n<p class=\"text\">Unsere Katzenkinder wachsen mitten im turbolenten Familienleben auf und sind somit bereits Einiges gewohnt. Sie kennen Kinder, Hunde und alles was in einer lebendigen Familie an Ger\u00e4uschen aufkommt und lassen es sich nicht nehmen, \u00fcberall dabei zu sein. Angeleitet von unseren halbstarken und erwachsenen Coonies, lernen sie das gro\u00dfe Katzen ABC und sind bestens sozialisiert f\u00fcr das sp\u00e4tere Leben in der gro\u00dfen Welt.<\/p>\n<p class=\"text\">Unsere Wirbelwinde d\u00fcrfen mit der 13. Woche in ihr neues Zuhause umziehen und sind dann entwurmt, geimpft und nat\u00fcrlich im Besitz einer Ahnentafel.<\/p>\n<p>&nbsp;<\/p>\n<p>&nbsp;<\/p>\n<p>&nbsp;<\/p>\n<table border=\"0\">\n<tbody>\n<tr>\n<td bgcolor=\"#f1f2f4\" width=\"623\"><\/td>\n<td style=\"text-align: right;\" bgcolor=\"#f1f2f4\" width=\"381\">\u00ab\u00a0<a href=\"#Seitenanfang\">nach oben<\/a><\/td>\n<\/tr>\n<tr>\n<td colspan=\"2\" bgcolor=\"#f1f2f4\"><\/td>\n<\/tr>\n<\/tbody>\n<\/table>\n<p><span style=\"color: #000000;\"><br \/>\n<\/span><\/p>\n<p>&nbsp;<\/p>\n<p>&nbsp;<\/p>\n<p>&nbsp;<\/p>\n<p>&nbsp;<\/p>\n","protected":false},"excerpt":{"rendered":"<p>\u00a0Katzenkinder &nbsp; &nbsp; &nbsp; Unsere Katzenkinder wachsen mitten im turbolenten Familienleben auf und sind somit bereits Einiges gewohnt. Sie kennen Kinder, Hunde und alles was in einer lebendigen Familie an Ger\u00e4uschen aufkommt und lassen es sich nicht nehmen, \u00fcberall dabei zu sein. Angeleitet von unseren halbstarken und erwachsenen Coonies, lernen sie das gro\u00dfe Katzen ABC [&hellip;]<\/p>\n","protected":false},"author":1,"featured_media":0,"parent":0,"menu_order":2,"comment_status":"open","ping_status":"open","template":"","meta":{"footnotes":""},"class_list":["post-270","page","type-page","status-publish","hentry"],"_links":{"self":[{"href":"http:\/\/simbasas.de\/wp\/index.php?rest_route=\/wp\/v2\/pages\/270","targetHints":{"allow":["GET"]}}],"collection":[{"href":"http:\/\/simbasas.de\/wp\/index.php?rest_route=\/wp\/v2\/pages"}],"about":[{"href":"http:\/\/simbasas.de\/wp\/index.php?rest_route=\/wp\/v2\/types\/page"}],"author":[{"embeddable":true,"href":"http:\/\/simbasas.de\/wp\/index.php?rest_route=\/wp\/v2\/users\/1"}],"replies":[{"embeddable":true,"href":"http:\/\/simbasas.de\/wp\/index.php?rest_route=%2Fwp%2Fv2%2Fcomments&post=270"}],"version-history":[{"count":138,"href":"http:\/\/simbasas.de\/wp\/index.php?rest_route=\/wp\/v2\/pages\/270\/revisions"}],"predecessor-version":[{"id":1500,"href":"http:\/\/simbasas.de\/wp\/index.php?rest_route=\/wp\/v2\/pages\/270\/revisions\/1500"}],"wp:attachment":[{"href":"http:\/\/simbasas.de\/wp\/index.php?rest_route=%2Fwp%2Fv2%2Fmedia&parent=270"}],"curies":[{"name":"wp","href":"https:\/\/api.w.org\/{rel}","templated":true}]}}